{"id":16267,"date":"2023-08-24T08:54:19","date_gmt":"2023-08-24T08:54:19","guid":{"rendered":"https:\/\/citello.com\/kvkk\/"},"modified":"2024-10-30T12:15:22","modified_gmt":"2024-10-30T12:15:22","slug":"kvkk","status":"publish","type":"page","link":"https:\/\/citello.com\/en\/kvkk\/","title":{"rendered":"KVKK"},"content":{"rendered":"\t\t<div data-elementor-type=\"wp-page\" data-elementor-id=\"16267\" class=\"elementor elementor-16267 elementor-15728\">\n\t\t\t\t\t\t<section class=\"elementor-section elementor-top-section elementor-element elementor-element-3c030ebf elementor-section-boxed elementor-section-height-default elementor-section-height-default\" data-id=\"3c030ebf\" data-element_type=\"section\" data-e-type=\"section\">\n\t\t\t\t\t\t<div class=\"elementor-container elementor-column-gap-no\">\n\t\t\t\t\t<div class=\"elementor-column elementor-col-33 elementor-top-column elementor-element elementor-element-3646a031\" data-id=\"3646a031\" data-element_type=\"column\" data-e-type=\"column\">\n\t\t\t<div class=\"elementor-widget-wrap elementor-element-populated\">\n\t\t\t\t\t\t<div class=\"elementor-element elementor-element-313ceccd lte-heading-style-default elementor-widget elementor-widget-lte-header\" data-id=\"313ceccd\" data-element_type=\"widget\" data-e-type=\"widget\" data-widget_type=\"lte-header.default\">\n\t\t\t\t<div class=\"elementor-widget-container\">\n\t\t\t\t\t<div class=\"lte-heading lte-style-default lte-subcolor-main heading-tag-h5 heading-subtag-h6\"><div class=\"lte-heading-content\"><h5 class=\"lte-header\">Menu<\/h5><\/div><\/div>\t\t\t\t<\/div>\n\t\t\t\t<\/div>\n\t\t\t\t<div class=\"elementor-element elementor-element-30ad168 elementor-icon-list--layout-traditional elementor-list-item-link-full_width elementor-widget elementor-widget-icon-list\" data-id=\"30ad168\" data-element_type=\"widget\" data-e-type=\"widget\" data-widget_type=\"icon-list.default\">\n\t\t\t\t<div class=\"elementor-widget-container\">\n\t\t\t\t\t\t\t<ul class=\"elementor-icon-list-items\">\n\t\t\t\t\t\t\t<li class=\"elementor-icon-list-item\">\n\t\t\t\t\t\t\t\t\t\t\t<a href=\"https:\/\/citello.com\/en\/hakkimizda\/\">\n\n\t\t\t\t\t\t\t\t\t\t\t<span class=\"elementor-icon-list-text\">Corporate<\/span>\n\t\t\t\t\t\t\t\t\t\t\t<\/a>\n\t\t\t\t\t\t\t\t\t<\/li>\n\t\t\t\t\t\t\t\t<li class=\"elementor-icon-list-item\">\n\t\t\t\t\t\t\t\t\t\t\t<a href=\"https:\/\/citello.com\/en\/kalite-politikasi\/\">\n\n\t\t\t\t\t\t\t\t\t\t\t<span class=\"elementor-icon-list-text\">Quality Policy<\/span>\n\t\t\t\t\t\t\t\t\t\t\t<\/a>\n\t\t\t\t\t\t\t\t\t<\/li>\n\t\t\t\t\t\t\t\t<li class=\"elementor-icon-list-item\">\n\t\t\t\t\t\t\t\t\t\t\t<a href=\"https:\/\/citello.com\/en\/sertifikalarimiz\/\">\n\n\t\t\t\t\t\t\t\t\t\t\t<span class=\"elementor-icon-list-text\">Our Certificates<\/span>\n\t\t\t\t\t\t\t\t\t\t\t<\/a>\n\t\t\t\t\t\t\t\t\t<\/li>\n\t\t\t\t\t\t\t\t<li class=\"elementor-icon-list-item\">\n\t\t\t\t\t\t\t\t\t\t\t<a href=\"https:\/\/citello.com\/en\/insan-kaynaklari\/\">\n\n\t\t\t\t\t\t\t\t\t\t\t<span class=\"elementor-icon-list-text\">Career<\/span>\n\t\t\t\t\t\t\t\t\t\t\t<\/a>\n\t\t\t\t\t\t\t\t\t<\/li>\n\t\t\t\t\t\t\t\t<li class=\"elementor-icon-list-item\">\n\t\t\t\t\t\t\t\t\t\t\t<a href=\"https:\/\/citello.com\/en\/gizlilik-politikasi\/\">\n\n\t\t\t\t\t\t\t\t\t\t\t<span class=\"elementor-icon-list-text\">Privacy Policy<\/span>\n\t\t\t\t\t\t\t\t\t\t\t<\/a>\n\t\t\t\t\t\t\t\t\t<\/li>\n\t\t\t\t\t\t\t\t<li class=\"elementor-icon-list-item\">\n\t\t\t\t\t\t\t\t\t\t\t<a href=\"https:\/\/citello.com\/en\/kvkk\/\">\n\n\t\t\t\t\t\t\t\t\t\t\t<span class=\"elementor-icon-list-text\"><b>KVKK<\/b><\/span>\n\t\t\t\t\t\t\t\t\t\t\t<\/a>\n\t\t\t\t\t\t\t\t\t<\/li>\n\t\t\t\t\t\t<\/ul>\n\t\t\t\t\t\t<\/div>\n\t\t\t\t<\/div>\n\t\t\t\t<div class=\"elementor-element elementor-element-64a2c214 elementor-widget elementor-widget-spacer\" data-id=\"64a2c214\" data-element_type=\"widget\" data-e-type=\"widget\" data-widget_type=\"spacer.default\">\n\t\t\t\t<div class=\"elementor-widget-container\">\n\t\t\t\t\t\t\t<div class=\"elementor-spacer\">\n\t\t\t<div class=\"elementor-spacer-inner\"><\/div>\n\t\t<\/div>\n\t\t\t\t\t\t<\/div>\n\t\t\t\t<\/div>\n\t\t\t\t<div class=\"elementor-element elementor-element-13ce2948 elementor-widget elementor-widget-spacer\" data-id=\"13ce2948\" data-element_type=\"widget\" data-e-type=\"widget\" data-widget_type=\"spacer.default\">\n\t\t\t\t<div class=\"elementor-widget-container\">\n\t\t\t\t\t\t\t<div class=\"elementor-spacer\">\n\t\t\t<div class=\"elementor-spacer-inner\"><\/div>\n\t\t<\/div>\n\t\t\t\t\t\t<\/div>\n\t\t\t\t<\/div>\n\t\t\t\t<div class=\"elementor-element elementor-element-9373a6b elementor-widget elementor-widget-spacer\" data-id=\"9373a6b\" data-element_type=\"widget\" data-e-type=\"widget\" data-widget_type=\"spacer.default\">\n\t\t\t\t<div class=\"elementor-widget-container\">\n\t\t\t\t\t\t\t<div class=\"elementor-spacer\">\n\t\t\t<div class=\"elementor-spacer-inner\"><\/div>\n\t\t<\/div>\n\t\t\t\t\t\t<\/div>\n\t\t\t\t<\/div>\n\t\t\t\t\t<\/div>\n\t\t<\/div>\n\t\t\t\t<div class=\"elementor-column elementor-col-66 elementor-top-column elementor-element elementor-element-2d499992\" data-id=\"2d499992\" data-element_type=\"column\" data-e-type=\"column\">\n\t\t\t<div class=\"elementor-widget-wrap elementor-element-populated\">\n\t\t\t\t\t\t<div class=\"elementor-element elementor-element-33837f58 elementor-widget elementor-widget-heading\" data-id=\"33837f58\" data-element_type=\"widget\" data-e-type=\"widget\" data-widget_type=\"heading.default\">\n\t\t\t\t<div class=\"elementor-widget-container\">\n\t\t\t\t\t<h5 class=\"elementor-heading-title elementor-size-default\">Ki\u015fisel Verilerin Korunmas\u0131na \u0130li\u015fkin Bilgilendirme;<\/h5>\t\t\t\t<\/div>\n\t\t\t\t<\/div>\n\t\t\t\t<div class=\"elementor-element elementor-element-12d306db elementor-widget elementor-widget-text-editor\" data-id=\"12d306db\" data-element_type=\"widget\" data-e-type=\"widget\" data-widget_type=\"text-editor.default\">\n\t\t\t\t<div class=\"elementor-widget-container\">\n\t\t\t\t\t\t\t\t\t<p>PRENSES GIDA SANAY\u0130 VE T\u0130CARET L\u0130M\u0130TED \u015e\u0130RKET\u0130 olarak ki\u015fisel verilerinizin 6698 say\u0131l\u0131 Ki\u015fisel Verilerin Korunmas\u0131 Kanunu&#8217;na (\u201cKanun\u201d) uygun olarak i\u015flenerek, muhafaza edilmesine bu\u0308yu\u0308k \u00f6nem veriyoruz. M\u00fc\u015fterilerimizi ki\u015fisel verileri toplama, i\u015fleme, aktarma amac\u0131m\u0131z ve y\u00f6ntemlerimiz ve buna ba\u011fl\u0131 olarak sizlerin Kanun&#8217;dan kaynaklanan haklar\u0131n\u0131zla ilgili bilgilendirmek isteriz.<\/p>\n<p>1. Ki\u015fisel verilerin toplanmas\u0131na ili\u015fkin y\u00f6ntemler<\/p>\n<p>PRENSES GIDA SANAY\u0130 VE T\u0130CARET L\u0130M\u0130TED \u015e\u0130RKET\u0130 olarak, veri sorumlusu s\u0131fat\u0131yla, mevzuattan kaynaklanan yasal yu\u0308ku\u0308mlu\u0308lu\u0308klerimiz \u00e7er\u00e7evesinde; markalar\u0131m\u0131z\u0131n hizmetlerinden faydalanabilmeniz, onay\u0131n\u0131z halinde kampanyalar\u0131m\u0131z hakk\u0131nda sizleri bilgilendirmek, \u00f6neri ve \u015fikayetlerinizi kay\u0131t alt\u0131na alabilmek, sizlere daha iyi hizmet standartlar\u0131 olu\u015fturabilmek, PRENSES GIDA SANAY\u0130 VE T\u0130CARET L\u0130M\u0130TED \u015e\u0130RKET\u0130 ticari ve i\u015f stratejilerinin belirlenmesi ve uygulanmas\u0131 gibi ama\u00e7larla ki\u015fisel verilerinizi s\u00f6zlu\u0308, internet sitesi, sosyal medya mecralar\u0131, mobil uygulamalar ve benzeri vas\u0131talarla s\u00f6zlu\u0308, yaz\u0131l\u0131 ya da elektronik y\u00f6ntemlerle toplamaktay\u0131z.<\/p>\n<p>2. Ki\u015fisel verilerin i\u015flenmesi ve i\u015fleme ama\u00e7lar\u0131<\/p>\n<p>PRENSES GIDA SANAY\u0130 VE T\u0130CARET L\u0130M\u0130TED \u015e\u0130RKET\u0130 olarak, veri sorumlusu s\u0131fat\u0131 ile \u00e7a\u011fr\u0131 merkezlerimiz, yaz\u0131l\u0131 ileti\u015fim kanallar\u0131m\u0131z, sosyal medya sayfalar\u0131m\u0131z, mobil ileti\u015fim kanallar\u0131, ma\u011faza i\u00e7i ileti\u015fim kanallar\u0131 ve\/veya bunlarla s\u0131n\u0131rl\u0131 olmamak u\u0308zere her tu\u0308rlu\u0308 kanallar arac\u0131l\u0131\u011f\u0131 ile; onay\u0131n\u0131z dahilinde elde etti\u011fimiz ki\u015fisel ve\/veya \u00f6zel nitelikli ki\u015fisel verileriniz tamamen veya k\u0131smen elde edilebilir, kaydedilebilir, saklanabilir, depolanabilir, de\u011fi\u015ftirilebilir, gu\u0308ncellenebilir, periyodik olarak kontrol edilebilir, yeniden du\u0308zenlenebilir, s\u0131n\u0131fland\u0131r\u0131labilir, i\u015flendikleri ama\u00e7 i\u00e7in gerekli olan ya da ilgili kanunda \u00f6ng\u00f6ru\u0308len su\u0308re kadar muhafaza edilebilir, kanuni ya da hizmete ba\u011fl\u0131 fiili gereklilikler halinde PRENSES GIDA SANAY\u0130 VE T\u0130CARET L\u0130M\u0130TED \u015e\u0130RKET\u0130&#8217;n\u0131n birlikte \u00e7al\u0131\u015ft\u0131\u011f\u0131 \u00f6zel-tu\u0308zel ki\u015filerle ya da kanunen yu\u0308ku\u0308mlu\u0308 oldu\u011fu kamu kurum ve kurulu\u015flar\u0131yla ve\/veya Tu\u0308rkiye&#8217;de veya yurt d\u0131\u015f\u0131nda mukim olan ilgili 3. ki\u015fi ger\u00e7ek ki\u015fi\/tu\u0308zel ki\u015filerle payla\u015f\u0131labilir\/devredilebilir, kanuni ya da hizmete ba\u011fl\u0131 fiili gereklilikler halinde yurtd\u0131\u015f\u0131na aktar\u0131labilir.<br \/>PRENSES GIDA SANAY\u0130 VE T\u0130CARET L\u0130M\u0130TED \u015e\u0130RKET\u0130 mu\u0308\u015fterilerinin markalar\u0131m\u0131z\u0131n hizmetlerinden faydalanabilmesi, onay\u0131n\u0131z halinde kampanyalar\u0131m\u0131z hakk\u0131nda sizleri bilgilendirmek, \u00f6neri ve \u015fikayetlerinizi kay\u0131t alt\u0131na alabilmek, sizlere daha iyi hizmet standartlar\u0131 olu\u015fturabilmek, PRENSES GIDA SANAY\u0130 VE T\u0130CARET L\u0130M\u0130TED \u015e\u0130RKET\u0130 ticari ve i\u015f stratejilerinin belirlenmesi ve uygulanmas\u0131 gibi ama\u00e7larla ve her halu\u0308karda 6698 say\u0131l\u0131 Ki\u015fisel Verilerin Korunmas\u0131 Kanunu ve ilgili mevzuata uygun olarak ki\u015fisel verilerinizi i\u015fleyebilece\u011fimizi bilginize sunar\u0131z.<\/p>\n<p>3. Ki\u015fisel Verilerin Aktar\u0131lmas\u0131<\/p>\n<p>PRENSES GIDA SANAY\u0130 VE T\u0130CARET L\u0130M\u0130TED \u015e\u0130RKET\u0130, s\u00f6z konusu ki\u015fisel verilerinizi sadece; a\u00e7\u0131k r\u0131zan\u0131za istinaden veya Kanun&#8217;da belirtilen gu\u0308venlik ve gizlilik esaslar\u0131 \u00e7er\u00e7evesinde yeterli \u00f6nlemler al\u0131nmak kayd\u0131yla yurt i\u00e7inde ve gerekli gu\u0308venlik \u00f6nlemlerinin al\u0131nmas\u0131 kayd\u0131yla yurt d\u0131\u015f\u0131nda, \u015eirket faaliyetlerinin yu\u0308ru\u0308tu\u0308lmesi, veri sahipleri ile mu\u0308\u015fterilerimiz aras\u0131ndaki i\u015f ili\u015fkisinin sa\u011flanmas\u0131 ve\/veya bu ama\u00e7la g\u00f6ru\u0308\u015fmeler yap\u0131lmas\u0131, hizmetler, f\u0131rsat ve olanaklar sunulmas\u0131 ve hizmet kalitesinin art\u0131r\u0131lmas\u0131 amac\u0131yla; grup \u015firketlerimiz, i\u015f ortaklar\u0131m\u0131z, faaliyetlerimizin gere\u011fi anla\u015fmal\u0131 oldu\u011fumuz ve hizmet sundu\u011fumuz mu\u0308\u015fteriler, tedarik\u00e7iler, denetim \u015firketleri veya yasal bir zorunluluk gere\u011fi bu verileri talep etmeye yetkili olan kamu kurum veya kurulu\u015flar\u0131, bunlarla s\u0131n\u0131rl\u0131 olmamak u\u0308zere ilgili di\u011fer otoriteler ile payla\u015fabilecektir.<\/p>\n<p>4. Ki\u015fisel Veri Sahibinin KVK Kanunu&#8217;nun (\u201cKanun\u201d) 11. maddesinde Say\u0131lan Haklar\u0131<\/p>\n<p>PRENSES GIDA SANAY\u0130 VE T\u0130CARET L\u0130M\u0130TED \u015e\u0130RKET\u0130 ilgili ki\u015filerin a\u015fa\u011f\u0131daki taleplerine kar\u015f\u0131l\u0131k verecektir:<br \/>a) PRENSES GIDA SANAY\u0130 VE T\u0130CARET L\u0130M\u0130TED \u015e\u0130RKET\u0130&#8217;n\u0131n kendilerine ili\u015fkin ki\u015fisel verileri i\u015fleyip i\u015flemedi\u011fini ve hangi ki\u015fisel verileri i\u015fledi\u011fini \u00f6\u011frenme,<br \/>b) \u0130\u015fleme faaliyetinin ama\u00e7lar\u0131na ili\u015fkin bilgi alma,<br \/>c) PRENSES GIDA SANAY\u0130 VE T\u0130CARET L\u0130M\u0130TED \u015e\u0130RKET\u0130&#8217;n\u0131n yurt i\u00e7inde veya yurt d\u0131\u015f\u0131nda ki\u015fisel verileri aktard\u0131\u011f\u0131 u\u0308\u00e7u\u0308ncu\u0308 ki\u015fileri bilme,<br \/>d) Ki\u015fisel verilerin eksik veya yanl\u0131\u015f i\u015flenmi\u015f olmas\u0131 h\u00e2linde bunlar\u0131n du\u0308zeltilmesini isteme,<br \/>e) Kanun&#8217;a uygun olarak ki\u015fisel verilerin silinmesini veya yok edilmesini isteme,<br \/>f) Ki\u015fisel verilerin du\u0308zeltilmesi, silinmesi ya da yok edilmesi talebi halinde; yap\u0131lan i\u015flemlerin, ki\u015fisel verilerin aktar\u0131ld\u0131\u011f\u0131 u\u0308\u00e7u\u0308ncu\u0308 ki\u015filere bildirilmesini isteme,<br \/>g) \u0130\u015flenen verilerin mu\u0308nhas\u0131ran otomatik sistemler vas\u0131tas\u0131yla analiz edilmesi suretiyle ki\u015finin kendisi aleyhine bir sonucun ortaya \u00e7\u0131kmas\u0131na itiraz etme ve<br \/>h) Ki\u015fisel verilerinin birer kopyas\u0131n\u0131 alma.<\/p>\n<p>G\u00f6ru\u0308\u015f ve sorular\u0131n\u0131zla ilgili bizimle ileti\u015fime ge\u00e7ebilirsiniz.<\/p>\n<p><strong>\u00dcnvan\u0131<\/strong> : PRENSES GIDA SANAY\u0130 VE T\u0130CARET L\u0130M\u0130TED \u015e\u0130RKET\u0130<br \/><strong>Telefon:<\/strong> +90 242 258 14 10<br \/><strong>E-Posta :<\/strong> iletisim@citello.com<br \/><strong>Adresi:<\/strong> Organize Sanayi B\u00f6lgesi 1.k\u0131s\u0131m 6.cadde No:9 D\u00f6\u015femealt\u0131\/Antalya<\/p>\n\t\t\t\t\t\t\t\t<\/div>\n\t\t\t\t<\/div>\n\t\t\t\t\t<\/div>\n\t\t<\/div>\n\t\t\t\t\t<\/div>\n\t\t<\/section>\n\t\t\t\t<\/div>\n\t\t","protected":false},"excerpt":{"rendered":"<p>Menu Corporate Quality Policy Our Certificates Career Privacy Policy KVKK Ki\u015fisel Verilerin Korunmas\u0131na \u0130li\u015fkin Bilgilendirme; PRENSES GIDA SANAY\u0130 VE T\u0130CARET L\u0130M\u0130TED \u015e\u0130RKET\u0130 olarak ki\u015fisel verilerinizin 6698 say\u0131l\u0131 Ki\u015fisel Verilerin Korunmas\u0131 Kanunu&#8217;na (\u201cKanun\u201d) uygun olarak i\u015flenerek, muhafaza edilmesine bu\u0308yu\u0308k \u00f6nem veriyoruz. M\u00fc\u015fterilerimizi ki\u015fisel verileri toplama, i\u015fleme, aktarma amac\u0131m\u0131z ve y\u00f6ntemlerimiz ve buna ba\u011fl\u0131 olarak sizlerin Kanun&#8217;dan [&hellip;]<\/p>\n","protected":false},"author":1,"featured_media":0,"parent":0,"menu_order":0,"comment_status":"closed","ping_status":"open","template":"","meta":{"footnotes":""},"class_list":["post-16267","page","type-page","status-publish","hentry"],"_links":{"self":[{"href":"https:\/\/citello.com\/en\/wp-json\/wp\/v2\/pages\/16267","targetHints":{"allow":["GET"]}}],"collection":[{"href":"https:\/\/citello.com\/en\/wp-json\/wp\/v2\/pages"}],"about":[{"href":"https:\/\/citello.com\/en\/wp-json\/wp\/v2\/types\/page"}],"author":[{"embeddable":true,"href":"https:\/\/citello.com\/en\/wp-json\/wp\/v2\/users\/1"}],"replies":[{"embeddable":true,"href":"https:\/\/citello.com\/en\/wp-json\/wp\/v2\/comments?post=16267"}],"version-history":[{"count":0,"href":"https:\/\/citello.com\/en\/wp-json\/wp\/v2\/pages\/16267\/revisions"}],"wp:attachment":[{"href":"https:\/\/citello.com\/en\/wp-json\/wp\/v2\/media?parent=16267"}],"curies":[{"name":"wp","href":"https:\/\/api.w.org\/{rel}","templated":true}]}}