{"id":16269,"date":"2023-08-28T07:07:51","date_gmt":"2023-08-28T07:07:51","guid":{"rendered":"https:\/\/citello.com\/insan-kaynaklari\/"},"modified":"2026-04-08T09:00:27","modified_gmt":"2026-04-08T09:00:27","slug":"insan-kaynaklari","status":"publish","type":"page","link":"https:\/\/citello.com\/en\/insan-kaynaklari\/","title":{"rendered":"Kariyer"},"content":{"rendered":"\t\t<div data-elementor-type=\"wp-page\" data-elementor-id=\"16269\" class=\"elementor elementor-16269 elementor-15822\">\n\t\t\t\t\t\t<section class=\"elementor-section elementor-top-section elementor-element elementor-element-85be17c elementor-section-boxed elementor-section-height-default elementor-section-height-default\" data-id=\"85be17c\" data-element_type=\"section\" data-e-type=\"section\">\n\t\t\t\t\t\t<div class=\"elementor-container elementor-column-gap-no\">\n\t\t\t\t\t<div class=\"elementor-column elementor-col-33 elementor-top-column elementor-element elementor-element-31a6b1e\" data-id=\"31a6b1e\" data-element_type=\"column\" data-e-type=\"column\">\n\t\t\t<div class=\"elementor-widget-wrap elementor-element-populated\">\n\t\t\t\t\t\t<div class=\"elementor-element elementor-element-fabf7c9 lte-heading-style-default elementor-widget elementor-widget-lte-header\" data-id=\"fabf7c9\" data-element_type=\"widget\" data-e-type=\"widget\" data-widget_type=\"lte-header.default\">\n\t\t\t\t<div class=\"elementor-widget-container\">\n\t\t\t\t\t<div class=\"lte-heading lte-style-default lte-subcolor-main heading-tag-h5 heading-subtag-h6\"><div class=\"lte-heading-content\"><h5 class=\"lte-header\">H\u0131zl\u0131 Men\u00fc<\/h5><\/div><\/div>\t\t\t\t<\/div>\n\t\t\t\t<\/div>\n\t\t\t\t<div class=\"elementor-element elementor-element-95e519c elementor-icon-list--layout-traditional elementor-list-item-link-full_width elementor-widget elementor-widget-icon-list\" data-id=\"95e519c\" data-element_type=\"widget\" data-e-type=\"widget\" data-widget_type=\"icon-list.default\">\n\t\t\t\t<div class=\"elementor-widget-container\">\n\t\t\t\t\t\t\t<ul class=\"elementor-icon-list-items\">\n\t\t\t\t\t\t\t<li class=\"elementor-icon-list-item\">\n\t\t\t\t\t\t\t\t\t\t\t<a href=\"https:\/\/citello.com\/hakkimizda\/\">\n\n\t\t\t\t\t\t\t\t\t\t\t<span class=\"elementor-icon-list-text\">Kurumsal<\/span>\n\t\t\t\t\t\t\t\t\t\t\t<\/a>\n\t\t\t\t\t\t\t\t\t<\/li>\n\t\t\t\t\t\t\t\t<li class=\"elementor-icon-list-item\">\n\t\t\t\t\t\t\t\t\t\t\t<a href=\"https:\/\/citello.com\/kalite-politikasi\/\">\n\n\t\t\t\t\t\t\t\t\t\t\t<span class=\"elementor-icon-list-text\">Kalite Politikas\u0131<\/span>\n\t\t\t\t\t\t\t\t\t\t\t<\/a>\n\t\t\t\t\t\t\t\t\t<\/li>\n\t\t\t\t\t\t\t\t<li class=\"elementor-icon-list-item\">\n\t\t\t\t\t\t\t\t\t\t\t<a href=\"https:\/\/citello.com\/hakkimizda\/sertifikalarimiz\">\n\n\t\t\t\t\t\t\t\t\t\t\t<span class=\"elementor-icon-list-text\">Sertifikalar\u0131m\u0131z<\/span>\n\t\t\t\t\t\t\t\t\t\t\t<\/a>\n\t\t\t\t\t\t\t\t\t<\/li>\n\t\t\t\t\t\t\t\t<li class=\"elementor-icon-list-item\">\n\t\t\t\t\t\t\t\t\t\t\t<a href=\"https:\/\/citello.com\/insan-kaynaklari\/\">\n\n\t\t\t\t\t\t\t\t\t\t\t<span class=\"elementor-icon-list-text\"><b>Kariyer<\/b><\/span>\n\t\t\t\t\t\t\t\t\t\t\t<\/a>\n\t\t\t\t\t\t\t\t\t<\/li>\n\t\t\t\t\t\t\t\t<li class=\"elementor-icon-list-item\">\n\t\t\t\t\t\t\t\t\t\t\t<a href=\"https:\/\/citello.com\/gizlilik-politikasi\/\">\n\n\t\t\t\t\t\t\t\t\t\t\t<span class=\"elementor-icon-list-text\">Gizlilik Politikas\u0131<\/span>\n\t\t\t\t\t\t\t\t\t\t\t<\/a>\n\t\t\t\t\t\t\t\t\t<\/li>\n\t\t\t\t\t\t\t\t<li class=\"elementor-icon-list-item\">\n\t\t\t\t\t\t\t\t\t\t\t<a href=\"https:\/\/citello.com\/odeme-ve-teslimat\/\">\n\n\t\t\t\t\t\t\t\t\t\t\t<span class=\"elementor-icon-list-text\">\u00d6deme ve Teslimat<\/span>\n\t\t\t\t\t\t\t\t\t\t\t<\/a>\n\t\t\t\t\t\t\t\t\t<\/li>\n\t\t\t\t\t\t\t\t<li class=\"elementor-icon-list-item\">\n\t\t\t\t\t\t\t\t\t\t\t<a href=\"https:\/\/citello.com\/kvkk\/\">\n\n\t\t\t\t\t\t\t\t\t\t\t<span class=\"elementor-icon-list-text\">KVKK<\/span>\n\t\t\t\t\t\t\t\t\t\t\t<\/a>\n\t\t\t\t\t\t\t\t\t<\/li>\n\t\t\t\t\t\t<\/ul>\n\t\t\t\t\t\t<\/div>\n\t\t\t\t<\/div>\n\t\t\t\t<div class=\"elementor-element elementor-element-177b5d4 elementor-widget elementor-widget-spacer\" data-id=\"177b5d4\" data-element_type=\"widget\" data-e-type=\"widget\" data-widget_type=\"spacer.default\">\n\t\t\t\t<div class=\"elementor-widget-container\">\n\t\t\t\t\t\t\t<div class=\"elementor-spacer\">\n\t\t\t<div class=\"elementor-spacer-inner\"><\/div>\n\t\t<\/div>\n\t\t\t\t\t\t<\/div>\n\t\t\t\t<\/div>\n\t\t\t\t<div class=\"elementor-element elementor-element-1e0db48 elementor-widget elementor-widget-spacer\" data-id=\"1e0db48\" data-element_type=\"widget\" data-e-type=\"widget\" data-widget_type=\"spacer.default\">\n\t\t\t\t<div class=\"elementor-widget-container\">\n\t\t\t\t\t\t\t<div class=\"elementor-spacer\">\n\t\t\t<div class=\"elementor-spacer-inner\"><\/div>\n\t\t<\/div>\n\t\t\t\t\t\t<\/div>\n\t\t\t\t<\/div>\n\t\t\t\t<div class=\"elementor-element elementor-element-3811786 elementor-widget elementor-widget-spacer\" data-id=\"3811786\" data-element_type=\"widget\" data-e-type=\"widget\" data-widget_type=\"spacer.default\">\n\t\t\t\t<div class=\"elementor-widget-container\">\n\t\t\t\t\t\t\t<div class=\"elementor-spacer\">\n\t\t\t<div class=\"elementor-spacer-inner\"><\/div>\n\t\t<\/div>\n\t\t\t\t\t\t<\/div>\n\t\t\t\t<\/div>\n\t\t\t\t\t<\/div>\n\t\t<\/div>\n\t\t\t\t<div class=\"elementor-column elementor-col-66 elementor-top-column elementor-element elementor-element-69020c9\" data-id=\"69020c9\" data-element_type=\"column\" data-e-type=\"column\">\n\t\t\t<div class=\"elementor-widget-wrap elementor-element-populated\">\n\t\t\t\t\t\t<div class=\"elementor-element elementor-element-7cd3805 elementor-widget elementor-widget-heading\" data-id=\"7cd3805\" data-element_type=\"widget\" data-e-type=\"widget\" data-widget_type=\"heading.default\">\n\t\t\t\t<div class=\"elementor-widget-container\">\n\t\t\t\t\t<h5 class=\"elementor-heading-title elementor-size-default\">\u0130nsan Kaynaklar\u0131<\/h5>\t\t\t\t<\/div>\n\t\t\t\t<\/div>\n\t\t\t\t<div class=\"elementor-element elementor-element-e1fbb5e elementor-widget elementor-widget-text-editor\" data-id=\"e1fbb5e\" data-element_type=\"widget\" data-e-type=\"widget\" data-widget_type=\"text-editor.default\">\n\t\t\t\t<div class=\"elementor-widget-container\">\n\t\t\t\t\t\t\t\t\tFirma olarak i\u015fimizin gerektirdi\u011fi t\u00fcm niteliklere sahip olan, kendini geli\u015ftirmi\u015f ve geli\u015ftirmeye a\u00e7\u0131k, m\u00fc\u015fterilere de\u011fer veren, ileti\u015fim kabiliyeti g\u00fc\u00e7l\u00fc bireyler ile i\u015fbirli\u011fi yapmakta ve buna uygun bir politika izlemekteyiz. Firmam\u0131z b\u00fcnyesinde faaliyet g\u00f6steren personellerimizin kendi ama\u00e7lar\u0131 ve \u015firket ama\u00e7lar\u0131m\u0131z do\u011frultusunda verimli bir olarak \u00e7al\u0131\u015fabilecek \u015fekilde geli\u015fmelerine yard\u0131mc\u0131 oluyoruz. Bu sayede firmam\u0131z\u0131n hizmeti kalitesinin artaca\u011f\u0131n\u0131, personellerimizin \u00e7ok daha rahat ve g\u00fcvenilir bir ortamda faaliyet g\u00f6sterebilece\u011fine inan\u0131yoruz. Bu do\u011frultuda bizimle \u00e7al\u0131\u015fmak i\u00e7in a\u015fa\u011f\u0131daki formdan veya mail yoluyla bize ula\u015f\u0131n.\t\t\t\t\t\t\t\t<\/div>\n\t\t\t\t<\/div>\n\t\t\t\t<div class=\"elementor-element elementor-element-3a4778b elementor-widget elementor-widget-html\" data-id=\"3a4778b\" data-element_type=\"widget\" data-e-type=\"widget\" data-widget_type=\"html.default\">\n\t\t\t\t<div class=\"elementor-widget-container\">\n\t\t\t\t\t<noscript class=\"ninja-forms-noscript-message\">\n\tNotice: JavaScript is required for this content.<\/noscript>\n<div id=\"nf-form-2-cont\" class=\"nf-form-cont\" aria-live=\"polite\" aria-labelledby=\"nf-form-title-2\" aria-describedby=\"nf-form-errors-2\" role=\"form\">\n\n    <div class=\"nf-loading-spinner\"><\/div>\n\n<\/div>\n        <!-- That data is being printed as a workaround to page builders reordering the order of the scripts loaded-->\n        <script>var formDisplay=1;var nfForms=nfForms||[];var form=[];form.id='2';form.settings={\"objectType\":\"Form Setting\",\"editActive\":\"1\",\"title\":\"Job Application\",\"form_title\":\"Job Application\",\"default_label_pos\":\"above\",\"show_title\":\"0\",\"clear_complete\":\"1\",\"hide_complete\":\"1\",\"logged_in\":\"0\",\"wrapper_class\":\"\",\"element_class\":\"\",\"key\":\"\",\"add_submit\":\"1\",\"currency\":\"\",\"unique_field_error\":\"A form with this value has already been submitted.\",\"not_logged_in_msg\":\"\",\"sub_limit_msg\":\"The form has reached its submission limit.\",\"calculations\":[],\"formContentData\":[\"is_basvuru_formu_1693212284582\",\"isim_1693209306106\",\"soyisim_1693209311016\",\"e-posta_1693209313797\",\"telefon_1693209317416\",\"adres_1693209326394\",\"yasadiginiz_sehir_1693209339945\",\"html_1693212164297\",\"gecmis_is_tecrubeleri_1693209745926\",\"son_ise_baslama_tarihi_1693209753001\",\"son_isten_ayrilma_tarihi_1693209760124\",\"son_is_yerindeki_goerev_ve_sorumluluklar_1693209777402\",\"referanslar_1693209783237\",\"ad_soyad_1693209788802\",\"telefon_1693209792761\",\"cv_1693212419636\",\"gonder_1693212662702\"],\"drawerDisabled\":\"\",\"allow_public_link\":0,\"embed_form\":\"\",\"form_title_heading_level\":\"3\",\"ninjaForms\":\"Ninja Forms\",\"changeEmailErrorMsg\":\"Please enter a valid email address!\",\"changeDateErrorMsg\":\"Please enter a valid date!\",\"confirmFieldErrorMsg\":\"These fields must match!\",\"fieldNumberNumMinError\":\"Number Min Error\",\"fieldNumberNumMaxError\":\"Number Max Error\",\"fieldNumberIncrementBy\":\"Please increment by \",\"fieldTextareaRTEInsertLink\":\"Insert Link\",\"fieldTextareaRTEInsertMedia\":\"Insert Media\",\"fieldTextareaRTESelectAFile\":\"Select a file\",\"formErrorsCorrectErrors\":\"Please correct errors before submitting this form.\",\"formHoneypot\":\"If you are a human seeing this field, please leave it empty.\",\"validateRequiredField\":\"This is a required field.\",\"honeypotHoneypotError\":\"Honeypot Error\",\"fileUploadOldCodeFileUploadInProgress\":\"File Upload in Progress.\",\"fileUploadOldCodeFileUpload\":\"FILE UPLOAD\",\"currencySymbol\":\"&#36;\",\"fieldsMarkedRequired\":\"Fields marked with an <span class=\\\"ninja-forms-req-symbol\\\">*<\\\/span> are required\",\"thousands_sep\":\",\",\"decimal_point\":\".\",\"siteLocale\":\"en_US\",\"dateFormat\":\"m\\\/d\\\/Y\",\"startOfWeek\":\"1\",\"of\":\"of\",\"previousMonth\":\"Previous Month\",\"nextMonth\":\"Next Month\",\"months\":[\"January\",\"February\",\"March\",\"April\",\"May\",\"June\",\"July\",\"August\",\"September\",\"October\",\"November\",\"December\"],\"monthsShort\":[\"Jan\",\"Feb\",\"Mar\",\"Apr\",\"May\",\"Jun\",\"Jul\",\"Aug\",\"Sep\",\"Oct\",\"Nov\",\"Dec\"],\"weekdays\":[\"Sunday\",\"Monday\",\"Tuesday\",\"Wednesday\",\"Thursday\",\"Friday\",\"Saturday\"],\"weekdaysShort\":[\"Sun\",\"Mon\",\"Tue\",\"Wed\",\"Thu\",\"Fri\",\"Sat\"],\"weekdaysMin\":[\"Su\",\"Mo\",\"Tu\",\"We\",\"Th\",\"Fr\",\"Sa\"],\"recaptchaConsentMissing\":\"reCaptcha validation couldn&#039;t load.\",\"recaptchaMissingCookie\":\"reCaptcha v3 validation couldn&#039;t load the cookie needed to submit the form.\",\"recaptchaConsentEvent\":\"Accept reCaptcha cookies before sending the form.\",\"currency_symbol\":\"\",\"beforeForm\":\"\",\"beforeFields\":\"\",\"afterFields\":\"\",\"afterForm\":\"\"};form.fields=[{\"objectType\":\"Field\",\"objectDomain\":\"fields\",\"editActive\":false,\"order\":1,\"idAttribute\":\"id\",\"label\":\"\\u0130\\u015f Ba\\u015fvuru Formu\",\"type\":\"html\",\"default\":\"<h5>\\u0130\\u015f Ba\\u015fvuru Formu<br><\\\/h5>\",\"container_class\":\"\",\"element_class\":\"\",\"key\":\"is_basvuru_formu_1693212284582\",\"drawerDisabled\":false,\"field_label\":\"Work History\",\"field_key\":\"work_history_1524662305920\",\"id\":15,\"beforeField\":\"\",\"afterField\":\"\",\"value\":\"<h5>\\u0130\\u015f Ba\\u015fvuru Formu<br><\\\/h5>\",\"label_pos\":\"above\",\"parentType\":\"html\",\"element_templates\":[\"html\",\"input\"],\"old_classname\":\"\",\"wrap_template\":\"wrap\"},{\"objectType\":\"Field\",\"objectDomain\":\"fields\",\"editActive\":false,\"order\":2,\"idAttribute\":\"id\",\"label\":\"\\u0130sim\",\"type\":\"firstname\",\"key\":\"isim_1693209306106\",\"label_pos\":\"above\",\"required\":\"\",\"default\":\"\",\"placeholder\":\"\",\"container_class\":\"one-half first\",\"element_class\":\"\",\"admin_label\":\"\",\"help_text\":\"\",\"custom_name_attribute\":\"fname\",\"field_label\":\"First Name\",\"field_key\":\"firstname_1523911360962\",\"personally_identifiable\":1,\"value\":\"\",\"id\":6,\"beforeField\":\"\",\"afterField\":\"\",\"parentType\":\"firstname\",\"element_templates\":[\"firstname\",\"input\"],\"old_classname\":\"\",\"wrap_template\":\"wrap\"},{\"objectType\":\"Field\",\"objectDomain\":\"fields\",\"editActive\":false,\"order\":3,\"idAttribute\":\"id\",\"label\":\"Soyisim\",\"type\":\"lastname\",\"key\":\"soyisim_1693209311016\",\"label_pos\":\"above\",\"required\":\"\",\"default\":\"\",\"placeholder\":\"\",\"container_class\":\"one-half second\",\"element_class\":\"\",\"admin_label\":\"\",\"help_text\":\"\",\"custom_name_attribute\":\"lname\",\"field_label\":\"Last Name\",\"field_key\":\"lastname_1523911357220\",\"personally_identifiable\":1,\"value\":\"\",\"id\":7,\"beforeField\":\"\",\"afterField\":\"\",\"parentType\":\"lastname\",\"element_templates\":[\"lastname\",\"input\"],\"old_classname\":\"\",\"wrap_template\":\"wrap\"},{\"objectType\":\"Field\",\"objectDomain\":\"fields\",\"editActive\":false,\"order\":4,\"idAttribute\":\"id\",\"label\":\"E-Posta\",\"type\":\"email\",\"key\":\"e-posta_1693209313797\",\"label_pos\":\"above\",\"required\":\"\",\"default\":\"\",\"placeholder\":\"\",\"container_class\":\"one-half first\",\"element_class\":\"\",\"admin_label\":\"\",\"help_text\":\"\",\"custom_name_attribute\":\"email\",\"field_label\":\"Email\",\"field_key\":\"email_1523911364558\",\"personally_identifiable\":1,\"value\":\"\",\"drawerDisabled\":false,\"id\":8,\"beforeField\":\"\",\"afterField\":\"\",\"parentType\":\"email\",\"element_templates\":[\"email\",\"input\"],\"old_classname\":\"\",\"wrap_template\":\"wrap\"},{\"objectType\":\"Field\",\"objectDomain\":\"fields\",\"editActive\":false,\"order\":5,\"idAttribute\":\"id\",\"label\":\"Telefon\",\"type\":\"phone\",\"key\":\"telefon_1693209317416\",\"label_pos\":\"above\",\"required\":\"\",\"default\":\"\",\"placeholder\":\"\",\"container_class\":\"one-half second\",\"element_class\":\"\",\"input_limit\":\"\",\"input_limit_type\":\"characters\",\"input_limit_msg\":\"Character(s) left\",\"manual_key\":\"\",\"admin_label\":\"\",\"help_text\":\"\",\"mask\":\"\",\"custom_mask\":\"\",\"custom_name_attribute\":\"phone\",\"field_label\":\"Phone\",\"field_key\":\"phone_1523911366932\",\"personally_identifiable\":1,\"value\":\"\",\"drawerDisabled\":false,\"id\":9,\"beforeField\":\"\",\"afterField\":\"\",\"parentType\":\"textbox\",\"element_templates\":[\"tel\",\"textbox\",\"input\"],\"old_classname\":\"\",\"wrap_template\":\"wrap\"},{\"objectType\":\"Field\",\"objectDomain\":\"fields\",\"editActive\":false,\"order\":6,\"idAttribute\":\"id\",\"label\":\"Adres\",\"type\":\"address\",\"key\":\"adres_1693209326394\",\"label_pos\":\"above\",\"required\":\"\",\"default\":\"\",\"placeholder\":\"\",\"container_class\":\"one-half first\",\"element_class\":\"\",\"input_limit\":\"\",\"input_limit_type\":\"characters\",\"input_limit_msg\":\"Character(s) left\",\"manual_key\":\"\",\"admin_label\":\"\",\"help_text\":\"\",\"mask\":\"\",\"custom_mask\":\"\",\"custom_name_attribute\":\"address\",\"field_label\":\"Address\",\"field_key\":\"address_1523911369006\",\"personally_identifiable\":1,\"value\":\"\",\"drawerDisabled\":false,\"id\":10,\"beforeField\":\"\",\"afterField\":\"\",\"parentType\":\"address\",\"element_templates\":[\"address\",\"textbox\",\"input\"],\"old_classname\":\"\",\"wrap_template\":\"wrap\"},{\"objectType\":\"Field\",\"objectDomain\":\"fields\",\"editActive\":false,\"order\":7,\"idAttribute\":\"id\",\"label\":\"Ya\\u015fad\\u0131\\u011f\\u0131n\\u0131z \\u015eehir\",\"type\":\"city\",\"key\":\"yasadiginiz_sehir_1693209339945\",\"label_pos\":\"above\",\"required\":\"\",\"default\":\"\",\"placeholder\":\"\",\"container_class\":\"one-half second\",\"element_class\":\"\",\"input_limit\":\"\",\"input_limit_type\":\"characters\",\"input_limit_msg\":\"Character(s) left\",\"manual_key\":\"\",\"admin_label\":\"\",\"help_text\":\"\",\"mask\":\"\",\"custom_mask\":\"\",\"custom_name_attribute\":\"city\",\"field_label\":\"City\",\"field_key\":\"city_1523911372094\",\"personally_identifiable\":\"\",\"value\":\"\",\"drawerDisabled\":false,\"id\":12,\"beforeField\":\"\",\"afterField\":\"\",\"parentType\":\"city\",\"element_templates\":[\"city\",\"textbox\",\"input\"],\"old_classname\":\"\",\"wrap_template\":\"wrap\"},{\"objectType\":\"Field\",\"objectDomain\":\"fields\",\"editActive\":false,\"order\":8,\"idAttribute\":\"id\",\"label\":\"\\u0130\\u015f Tecr\\u00fcbesi Copy\",\"type\":\"html\",\"default\":\"<h5>\\u0130\\u015f Tecr\\u00fcbesi<br><\\\/h5>\",\"container_class\":\"\",\"element_class\":\"\",\"key\":\"html_1693212164297\",\"drawerDisabled\":false,\"field_label\":\"Work History\",\"field_key\":\"work_history_1524662305920\",\"id\":30,\"beforeField\":\"\",\"afterField\":\"\",\"value\":\"<h5>\\u0130\\u015f Tecr\\u00fcbesi<br><\\\/h5>\",\"label_pos\":\"above\",\"parentType\":\"html\",\"element_templates\":[\"html\",\"input\"],\"old_classname\":\"\",\"wrap_template\":\"wrap\"},{\"objectType\":\"Field\",\"objectDomain\":\"fields\",\"editActive\":false,\"order\":9,\"idAttribute\":\"id\",\"label\":\"Ge\\u00e7mi\\u015f \\u0130\\u015f Tecr\\u00fcbeleri\",\"type\":\"textbox\",\"key\":\"gecmis_is_tecrubeleri_1693209745926\",\"label_pos\":\"above\",\"required\":\"\",\"default\":\"\",\"placeholder\":\"\",\"container_class\":\"\",\"element_class\":\"\",\"input_limit\":\"\",\"input_limit_type\":\"characters\",\"input_limit_msg\":\"Character(s) left\",\"manual_key\":\"\",\"admin_label\":\"\",\"help_text\":\"\",\"mask\":\"\",\"custom_mask\":\"\",\"custom_name_attribute\":\"\",\"drawerDisabled\":\"\",\"field_label\":\"Previous Job Title\",\"field_key\":\"previous_job_title_1524662326660\",\"personally_identifiable\":\"\",\"value\":\"\",\"id\":16,\"beforeField\":\"\",\"afterField\":\"\",\"parentType\":\"textbox\",\"element_templates\":[\"textbox\",\"input\"],\"old_classname\":\"\",\"wrap_template\":\"wrap\"},{\"objectType\":\"Field\",\"objectDomain\":\"fields\",\"editActive\":false,\"order\":10,\"idAttribute\":\"id\",\"type\":\"date\",\"label\":\"Son i\\u015fe ba\\u015flama tarihi\",\"key\":\"son_ise_baslama_tarihi_1693209753001\",\"label_pos\":\"above\",\"required\":\"\",\"placeholder\":\"\",\"container_class\":\"one-half first\",\"element_class\":\"\",\"manual_key\":\"\",\"admin_label\":\"\",\"help_text\":\"\",\"date_format\":\"default\",\"year_range_start\":\"\",\"year_range_end\":\"\",\"drawerDisabled\":\"\",\"field_label\":\"Date Previous Job Started\",\"field_key\":\"date_previous_job_started_1524662355642\",\"date_mode\":\"date_only\",\"hours_24\":0,\"minute_increment\":5,\"id\":17,\"beforeField\":\"\",\"afterField\":\"\",\"value\":\"\",\"parentType\":\"date\",\"element_templates\":[\"date\",\"textbox\",\"input\"],\"old_classname\":\"\",\"wrap_template\":\"wrap\"},{\"objectType\":\"Field\",\"objectDomain\":\"fields\",\"editActive\":false,\"order\":11,\"idAttribute\":\"id\",\"label\":\"Son i\\u015ften ayr\\u0131lma tarihi\",\"type\":\"date\",\"key\":\"son_isten_ayrilma_tarihi_1693209760124\",\"label_pos\":\"above\",\"required\":\"\",\"placeholder\":\"\",\"container_class\":\"one-half\",\"element_class\":\"\",\"manual_key\":\"\",\"admin_label\":\"\",\"help_text\":\"\",\"date_format\":\"default\",\"year_range_start\":\"\",\"year_range_end\":\"\",\"drawerDisabled\":\"\",\"field_label\":\"Date Previous Job Ended\",\"field_key\":\"date_previous_job_ended_1524662377906\",\"date_mode\":\"date_only\",\"hours_24\":0,\"minute_increment\":5,\"id\":18,\"beforeField\":\"\",\"afterField\":\"\",\"value\":\"\",\"parentType\":\"date\",\"element_templates\":[\"date\",\"textbox\",\"input\"],\"old_classname\":\"\",\"wrap_template\":\"wrap\"},{\"objectType\":\"Field\",\"objectDomain\":\"fields\",\"editActive\":false,\"order\":12,\"idAttribute\":\"id\",\"label\":\"Son i\\u015f yerindeki g\\u00f6rev ve sorumluluklar\",\"type\":\"textarea\",\"key\":\"son_is_yerindeki_goerev_ve_sorumluluklar_1693209777402\",\"label_pos\":\"above\",\"required\":\"\",\"default\":\"\",\"placeholder\":\"\",\"container_class\":\"\",\"element_class\":\"\",\"input_limit\":\"\",\"input_limit_type\":\"characters\",\"input_limit_msg\":\"Character(s) left\",\"manual_key\":\"\",\"admin_label\":\"\",\"help_text\":\"\",\"textarea_rte\":\"\",\"disable_rte_mobile\":\"\",\"textarea_media\":\"\",\"drawerDisabled\":\"\",\"field_label\":\"Previous Job Description\",\"field_key\":\"previous_job_description_1524662418586\",\"value\":\"\",\"id\":19,\"beforeField\":\"\",\"afterField\":\"\",\"parentType\":\"textarea\",\"element_templates\":[\"textarea\",\"input\"],\"old_classname\":\"\",\"wrap_template\":\"wrap\"},{\"objectType\":\"Field\",\"objectDomain\":\"fields\",\"editActive\":false,\"order\":13,\"idAttribute\":\"id\",\"label\":\"REFERANSLAR\",\"type\":\"html\",\"default\":\"<h5>Referanslar<br><\\\/h5>\",\"container_class\":\"\",\"element_class\":\"\",\"key\":\"referanslar_1693209783237\",\"drawerDisabled\":false,\"field_label\":\"References\",\"field_key\":\"references_1524662638006\",\"id\":20,\"beforeField\":\"\",\"afterField\":\"\",\"value\":\"<h5>Referanslar<br><\\\/h5>\",\"label_pos\":\"above\",\"parentType\":\"html\",\"element_templates\":[\"html\",\"input\"],\"old_classname\":\"\",\"wrap_template\":\"wrap\"},{\"objectType\":\"Field\",\"objectDomain\":\"fields\",\"editActive\":false,\"order\":14,\"idAttribute\":\"id\",\"label\":\"Ad Soyad\",\"type\":\"textbox\",\"key\":\"ad_soyad_1693209788802\",\"label_pos\":\"above\",\"required\":\"\",\"default\":\"\",\"placeholder\":\"\",\"container_class\":\"two-thirds first\",\"element_class\":\"\",\"input_limit\":\"\",\"input_limit_type\":\"characters\",\"input_limit_msg\":\"Character(s) left\",\"manual_key\":\"\",\"admin_label\":\"\",\"help_text\":\"\",\"mask\":\"\",\"custom_mask\":\"\",\"custom_name_attribute\":\"\",\"drawerDisabled\":\"\",\"field_label\":\"Name 1\",\"field_key\":\"name_1_1524662751528\",\"personally_identifiable\":\"\",\"value\":\"\",\"id\":21,\"beforeField\":\"\",\"afterField\":\"\",\"parentType\":\"textbox\",\"element_templates\":[\"textbox\",\"input\"],\"old_classname\":\"\",\"wrap_template\":\"wrap\"},{\"objectType\":\"Field\",\"objectDomain\":\"fields\",\"editActive\":false,\"order\":15,\"idAttribute\":\"id\",\"label\":\"Telefon\",\"type\":\"phone\",\"key\":\"telefon_1693209792761\",\"label_pos\":\"above\",\"required\":\"\",\"default\":\"\",\"placeholder\":\"\",\"container_class\":\"one-third\",\"element_class\":\"\",\"input_limit\":\"\",\"input_limit_type\":\"characters\",\"input_limit_msg\":\"Character(s) left\",\"manual_key\":\"\",\"admin_label\":\"\",\"help_text\":\"\",\"mask\":\"\",\"custom_mask\":\"\",\"custom_name_attribute\":\"phone\",\"drawerDisabled\":false,\"field_label\":\"Phone 1\",\"field_key\":\"phone_1_1524662753690\",\"personally_identifiable\":1,\"value\":\"\",\"id\":22,\"beforeField\":\"\",\"afterField\":\"\",\"parentType\":\"textbox\",\"element_templates\":[\"tel\",\"textbox\",\"input\"],\"old_classname\":\"\",\"wrap_template\":\"wrap\"},{\"objectType\":\"Field\",\"objectDomain\":\"fields\",\"editActive\":false,\"order\":16,\"idAttribute\":\"id\",\"label\":\"CV\",\"type\":\"html\",\"default\":\"<p>Cv'nizi <a href=\\\"info@citello.com\\\">info@ci<\\\/a><a href=\\\"mailto:info@citello.com\\\">tello.com<\\\/a>&nbsp;adresine g\\u00f6nderebilirsiniz.<\\\/p>\",\"container_class\":\"\",\"element_class\":\"\",\"key\":\"cv_1693212419636\",\"drawerDisabled\":false,\"id\":31,\"beforeField\":\"\",\"afterField\":\"\",\"value\":\"<p>Cv'nizi <a href=\\\"info@citello.com\\\">info@ci<\\\/a><a href=\\\"mailto:info@citello.com\\\">tello.com<\\\/a>&nbsp;adresine g\\u00f6nderebilirsiniz.<\\\/p>\",\"label_pos\":\"above\",\"parentType\":\"html\",\"element_templates\":[\"html\",\"input\"],\"old_classname\":\"\",\"wrap_template\":\"wrap\"},{\"objectType\":\"Field\",\"objectDomain\":\"fields\",\"editActive\":false,\"order\":17,\"idAttribute\":\"id\",\"type\":\"submit\",\"label\":\"G\\u00f6nder\",\"processing_label\":\"G\\u00f6nderiliyor\",\"container_class\":\"\",\"element_class\":\"\",\"key\":\"gonder_1693212662702\",\"field_label\":\"Submit\",\"field_key\":\"submit_1523911429754\",\"drawerDisabled\":false,\"id\":27,\"beforeField\":\"\",\"afterField\":\"\",\"value\":\"\",\"label_pos\":\"above\",\"parentType\":\"textbox\",\"element_templates\":[\"submit\",\"button\",\"input\"],\"old_classname\":\"\",\"wrap_template\":\"wrap-no-label\"}];nfForms.push(form);<\/script>\n        \t\t\t\t\t<\/div>\n\t\t\t\t<\/div>\n\t\t\t\t\t<\/div>\n\t\t<\/div>\n\t\t\t\t\t<\/div>\n\t\t<\/section>\n\t\t\t\t<\/div>\n\t\t","protected":false},"excerpt":{"rendered":"<p>H\u0131zl\u0131 Men\u00fc Kurumsal Kalite Politikas\u0131 Sertifikalar\u0131m\u0131z Kariyer Gizlilik Politikas\u0131 \u00d6deme ve Teslimat KVKK \u0130nsan Kaynaklar\u0131 Firma olarak i\u015fimizin gerektirdi\u011fi t\u00fcm niteliklere sahip olan, kendini geli\u015ftirmi\u015f ve geli\u015ftirmeye a\u00e7\u0131k, m\u00fc\u015fterilere de\u011fer veren, ileti\u015fim kabiliyeti g\u00fc\u00e7l\u00fc bireyler ile i\u015fbirli\u011fi yapmakta ve buna uygun bir politika izlemekteyiz. Firmam\u0131z b\u00fcnyesinde faaliyet g\u00f6steren personellerimizin kendi ama\u00e7lar\u0131 ve \u015firket ama\u00e7lar\u0131m\u0131z do\u011frultusunda [&hellip;]<\/p>\n","protected":false},"author":1,"featured_media":0,"parent":0,"menu_order":0,"comment_status":"closed","ping_status":"closed","template":"","meta":{"footnotes":""},"class_list":["post-16269","page","type-page","status-publish","hentry"],"_links":{"self":[{"href":"https:\/\/citello.com\/en\/wp-json\/wp\/v2\/pages\/16269","targetHints":{"allow":["GET"]}}],"collection":[{"href":"https:\/\/citello.com\/en\/wp-json\/wp\/v2\/pages"}],"about":[{"href":"https:\/\/citello.com\/en\/wp-json\/wp\/v2\/types\/page"}],"author":[{"embeddable":true,"href":"https:\/\/citello.com\/en\/wp-json\/wp\/v2\/users\/1"}],"replies":[{"embeddable":true,"href":"https:\/\/citello.com\/en\/wp-json\/wp\/v2\/comments?post=16269"}],"version-history":[{"count":1,"href":"https:\/\/citello.com\/en\/wp-json\/wp\/v2\/pages\/16269\/revisions"}],"predecessor-version":[{"id":16610,"href":"https:\/\/citello.com\/en\/wp-json\/wp\/v2\/pages\/16269\/revisions\/16610"}],"wp:attachment":[{"href":"https:\/\/citello.com\/en\/wp-json\/wp\/v2\/media?parent=16269"}],"curies":[{"name":"wp","href":"https:\/\/api.w.org\/{rel}","templated":true}]}}