{"id":16272,"date":"2020-04-14T01:06:39","date_gmt":"2020-04-14T01:06:39","guid":{"rendered":"https:\/\/citello.com\/hakkimizda\/"},"modified":"2024-10-30T11:58:49","modified_gmt":"2024-10-30T11:58:49","slug":"hakkimizda","status":"publish","type":"page","link":"https:\/\/citello.com\/en\/hakkimizda\/","title":{"rendered":"About us"},"content":{"rendered":"\t\t<div data-elementor-type=\"wp-page\" data-elementor-id=\"16272\" class=\"elementor elementor-16272 elementor-13635\">\n\t\t\t\t\t\t<section class=\"elementor-section elementor-top-section elementor-element elementor-element-4dabe3c9 elementor-section-boxed elementor-section-height-default elementor-section-height-default\" data-id=\"4dabe3c9\" data-element_type=\"section\" data-e-type=\"section\">\n\t\t\t\t\t\t<div class=\"elementor-container elementor-column-gap-no\">\n\t\t\t\t\t<div class=\"elementor-column elementor-col-33 elementor-top-column elementor-element elementor-element-76a5440f\" data-id=\"76a5440f\" data-element_type=\"column\" data-e-type=\"column\">\n\t\t\t<div class=\"elementor-widget-wrap elementor-element-populated\">\n\t\t\t\t\t\t<div class=\"elementor-element elementor-element-743e7a6e lte-heading-style-default elementor-widget elementor-widget-lte-header\" data-id=\"743e7a6e\" data-element_type=\"widget\" data-e-type=\"widget\" data-widget_type=\"lte-header.default\">\n\t\t\t\t<div class=\"elementor-widget-container\">\n\t\t\t\t\t<div class=\"lte-heading lte-style-default lte-subcolor-main heading-tag-h5 heading-subtag-h6\"><div class=\"lte-heading-content\"><h5 class=\"lte-header\">Menu<\/h5><\/div><\/div>\t\t\t\t<\/div>\n\t\t\t\t<\/div>\n\t\t\t\t<div class=\"elementor-element elementor-element-ced569d elementor-icon-list--layout-traditional elementor-list-item-link-full_width elementor-widget elementor-widget-icon-list\" data-id=\"ced569d\" data-element_type=\"widget\" data-e-type=\"widget\" data-widget_type=\"icon-list.default\">\n\t\t\t\t<div class=\"elementor-widget-container\">\n\t\t\t\t\t\t\t<ul class=\"elementor-icon-list-items\">\n\t\t\t\t\t\t\t<li class=\"elementor-icon-list-item\">\n\t\t\t\t\t\t\t\t\t\t\t<a href=\"https:\/\/citello.com\/en\/hakkimizda\/\">\n\n\t\t\t\t\t\t\t\t\t\t\t<span class=\"elementor-icon-list-text\">Corporate<\/span>\n\t\t\t\t\t\t\t\t\t\t\t<\/a>\n\t\t\t\t\t\t\t\t\t<\/li>\n\t\t\t\t\t\t\t\t<li class=\"elementor-icon-list-item\">\n\t\t\t\t\t\t\t\t\t\t\t<a href=\"https:\/\/citello.com\/en\/kalite-politikasi\/\">\n\n\t\t\t\t\t\t\t\t\t\t\t<span class=\"elementor-icon-list-text\">Quality Policy<\/span>\n\t\t\t\t\t\t\t\t\t\t\t<\/a>\n\t\t\t\t\t\t\t\t\t<\/li>\n\t\t\t\t\t\t\t\t<li class=\"elementor-icon-list-item\">\n\t\t\t\t\t\t\t\t\t\t\t<a href=\"https:\/\/citello.com\/en\/sertifikalarimiz\/\">\n\n\t\t\t\t\t\t\t\t\t\t\t<span class=\"elementor-icon-list-text\">Our Certificates<\/span>\n\t\t\t\t\t\t\t\t\t\t\t<\/a>\n\t\t\t\t\t\t\t\t\t<\/li>\n\t\t\t\t\t\t\t\t<li class=\"elementor-icon-list-item\">\n\t\t\t\t\t\t\t\t\t\t\t<a href=\"https:\/\/citello.com\/en\/insan-kaynaklari\/\">\n\n\t\t\t\t\t\t\t\t\t\t\t<span class=\"elementor-icon-list-text\">Career<\/span>\n\t\t\t\t\t\t\t\t\t\t\t<\/a>\n\t\t\t\t\t\t\t\t\t<\/li>\n\t\t\t\t\t\t\t\t<li class=\"elementor-icon-list-item\">\n\t\t\t\t\t\t\t\t\t\t\t<a href=\"https:\/\/citello.com\/en\/gizlilik-politikasi\/\">\n\n\t\t\t\t\t\t\t\t\t\t\t<span class=\"elementor-icon-list-text\">Privacy Policy<\/span>\n\t\t\t\t\t\t\t\t\t\t\t<\/a>\n\t\t\t\t\t\t\t\t\t<\/li>\n\t\t\t\t\t\t\t\t<li class=\"elementor-icon-list-item\">\n\t\t\t\t\t\t\t\t\t\t\t<a href=\"https:\/\/citello.com\/en\/kvkk\/\">\n\n\t\t\t\t\t\t\t\t\t\t\t<span class=\"elementor-icon-list-text\">KVKK<\/span>\n\t\t\t\t\t\t\t\t\t\t\t<\/a>\n\t\t\t\t\t\t\t\t\t<\/li>\n\t\t\t\t\t\t<\/ul>\n\t\t\t\t\t\t<\/div>\n\t\t\t\t<\/div>\n\t\t\t\t<div class=\"elementor-element elementor-element-ab18506 elementor-widget elementor-widget-spacer\" data-id=\"ab18506\" data-element_type=\"widget\" data-e-type=\"widget\" data-widget_type=\"spacer.default\">\n\t\t\t\t<div class=\"elementor-widget-container\">\n\t\t\t\t\t\t\t<div class=\"elementor-spacer\">\n\t\t\t<div class=\"elementor-spacer-inner\"><\/div>\n\t\t<\/div>\n\t\t\t\t\t\t<\/div>\n\t\t\t\t<\/div>\n\t\t\t\t<div class=\"elementor-element elementor-element-edfcfd3 elementor-widget elementor-widget-spacer\" data-id=\"edfcfd3\" data-element_type=\"widget\" data-e-type=\"widget\" data-widget_type=\"spacer.default\">\n\t\t\t\t<div class=\"elementor-widget-container\">\n\t\t\t\t\t\t\t<div class=\"elementor-spacer\">\n\t\t\t<div class=\"elementor-spacer-inner\"><\/div>\n\t\t<\/div>\n\t\t\t\t\t\t<\/div>\n\t\t\t\t<\/div>\n\t\t\t\t<div class=\"elementor-element elementor-element-54bd75da elementor-widget elementor-widget-spacer\" data-id=\"54bd75da\" data-element_type=\"widget\" data-e-type=\"widget\" data-widget_type=\"spacer.default\">\n\t\t\t\t<div class=\"elementor-widget-container\">\n\t\t\t\t\t\t\t<div class=\"elementor-spacer\">\n\t\t\t<div class=\"elementor-spacer-inner\"><\/div>\n\t\t<\/div>\n\t\t\t\t\t\t<\/div>\n\t\t\t\t<\/div>\n\t\t\t\t\t<\/div>\n\t\t<\/div>\n\t\t\t\t<div class=\"elementor-column elementor-col-66 elementor-top-column elementor-element elementor-element-6294d5f\" data-id=\"6294d5f\" data-element_type=\"column\" data-e-type=\"column\">\n\t\t\t<div class=\"elementor-widget-wrap elementor-element-populated\">\n\t\t\t\t\t\t<div class=\"elementor-element elementor-element-5f0e73a5 elementor-widget elementor-widget-heading\" data-id=\"5f0e73a5\" data-element_type=\"widget\" data-e-type=\"widget\" data-widget_type=\"heading.default\">\n\t\t\t\t<div class=\"elementor-widget-container\">\n\t\t\t\t\t<h5 class=\"elementor-heading-title elementor-size-default\">\u00c7itello<\/h5>\t\t\t\t<\/div>\n\t\t\t\t<\/div>\n\t\t\t\t<div class=\"elementor-element elementor-element-5622b7ef elementor-widget elementor-widget-text-editor\" data-id=\"5622b7ef\" data-element_type=\"widget\" data-e-type=\"widget\" data-widget_type=\"text-editor.default\">\n\t\t\t\t<div class=\"elementor-widget-container\">\n\t\t\t\t\t\t\t\t\t<p class=\"p1\">Founded in 1995, \u00c7itello is now opening up to the world with its products under the brands Popstar, Jan Jan, Y\u00f6resel Meyveler, and PRENSES. \u00c7itello, which does not shy away from expanding its product range and conquering the taste buds of Turkish and global families, brings joy to thousands of people.<\/p><p class=\"p1\">\u00c7itello takes care to select the best and highest quality raw materials and produces in hygienic environments without using additives. Its product groups include nuts and dried fruits. Offering natural and healthy products to its consumers, \u00c7itello meticulously ensures the freshness, quality, and compliance with standards throughout the process from harvest to consumer.<\/p><p class=\"p1\">With a strong network spread across Turkiye and a specialized sales team, \u00c7itello provides direct service to sales points. \u00c7itello holds the ISO 22001:2018 quality certification.<\/p><p class=\"p1\">Never compromising on product and service quality, \u00c7itello continues to grow with its disciplined and steady approach.<\/p><p class=\"p1\">The \u00c7itello Family<\/p>\t\t\t\t\t\t\t\t<\/div>\n\t\t\t\t<\/div>\n\t\t\t\t<div class=\"elementor-element elementor-element-140dfc1c elementor-widget elementor-widget-image\" data-id=\"140dfc1c\" data-element_type=\"widget\" data-e-type=\"widget\" data-widget_type=\"image.default\">\n\t\t\t\t<div class=\"elementor-widget-container\">\n\t\t\t\t\t\t\t\t\t\t\t\t\t\t\t<img fetchpriority=\"high\" decoding=\"async\" width=\"1024\" height=\"683\" src=\"https:\/\/citello.com\/wp-content\/uploads\/2023\/08\/bg-1-1024x683.jpg\" class=\"attachment-large size-large wp-image-16235\" alt=\"\" srcset=\"https:\/\/citello.com\/wp-content\/uploads\/2023\/08\/bg-1-1024x683.jpg 1024w, https:\/\/citello.com\/wp-content\/uploads\/2023\/08\/bg-1-480x320.jpg 480w, https:\/\/citello.com\/wp-content\/uploads\/2023\/08\/bg-1-600x400.jpg 600w, https:\/\/citello.com\/wp-content\/uploads\/2023\/08\/bg-1-300x200.jpg 300w, https:\/\/citello.com\/wp-content\/uploads\/2023\/08\/bg-1-768x512.jpg 768w, https:\/\/citello.com\/wp-content\/uploads\/2023\/08\/bg-1-1536x1024.jpg 1536w, https:\/\/citello.com\/wp-content\/uploads\/2023\/08\/bg-1-790x527.jpg 790w, https:\/\/citello.com\/wp-content\/uploads\/2023\/08\/bg-1-800x533.jpg 800w, https:\/\/citello.com\/wp-content\/uploads\/2023\/08\/bg-1.jpg 1920w\" sizes=\"(max-width: 1024px) 100vw, 1024px\" \/>\t\t\t\t\t\t\t\t\t\t\t\t\t\t\t<\/div>\n\t\t\t\t<\/div>\n\t\t\t\t\t<\/div>\n\t\t<\/div>\n\t\t\t\t\t<\/div>\n\t\t<\/section>\n\t\t\t\t<\/div>\n\t\t","protected":false},"excerpt":{"rendered":"<p>Menu Corporate Quality Policy Our Certificates Career Privacy Policy KVKK \u00c7itello Founded in 1995, \u00c7itello is now opening up to the world with its products under the brands Popstar, Jan Jan, Y\u00f6resel Meyveler, and PRENSES. \u00c7itello, which does not shy away from expanding its product range and conquering the taste buds of Turkish and global [&hellip;]<\/p>\n","protected":false},"author":1,"featured_media":16228,"parent":0,"menu_order":0,"comment_status":"closed","ping_status":"closed","template":"","meta":{"footnotes":""},"class_list":["post-16272","page","type-page","status-publish","has-post-thumbnail","hentry"],"_links":{"self":[{"href":"https:\/\/citello.com\/en\/wp-json\/wp\/v2\/pages\/16272","targetHints":{"allow":["GET"]}}],"collection":[{"href":"https:\/\/citello.com\/en\/wp-json\/wp\/v2\/pages"}],"about":[{"href":"https:\/\/citello.com\/en\/wp-json\/wp\/v2\/types\/page"}],"author":[{"embeddable":true,"href":"https:\/\/citello.com\/en\/wp-json\/wp\/v2\/users\/1"}],"replies":[{"embeddable":true,"href":"https:\/\/citello.com\/en\/wp-json\/wp\/v2\/comments?post=16272"}],"version-history":[{"count":0,"href":"https:\/\/citello.com\/en\/wp-json\/wp\/v2\/pages\/16272\/revisions"}],"wp:featuredmedia":[{"embeddable":true,"href":"https:\/\/citello.com\/en\/wp-json\/wp\/v2\/media\/16228"}],"wp:attachment":[{"href":"https:\/\/citello.com\/en\/wp-json\/wp\/v2\/media?parent=16272"}],"curies":[{"name":"wp","href":"https:\/\/api.w.org\/{rel}","templated":true}]}}