{"id":16273,"date":"2023-08-24T08:53:48","date_gmt":"2023-08-24T08:53:48","guid":{"rendered":"https:\/\/citello.com\/gizlilik-politikasi\/"},"modified":"2024-10-30T12:13:49","modified_gmt":"2024-10-30T12:13:49","slug":"gizlilik-politikasi","status":"publish","type":"page","link":"https:\/\/citello.com\/en\/gizlilik-politikasi\/","title":{"rendered":"Privacy Policy"},"content":{"rendered":"\t\t<div data-elementor-type=\"wp-page\" data-elementor-id=\"16273\" class=\"elementor elementor-16273 elementor-15722\">\n\t\t\t\t\t\t<section class=\"elementor-section elementor-top-section elementor-element elementor-element-3a13aadf elementor-section-boxed elementor-section-height-default elementor-section-height-default\" data-id=\"3a13aadf\" data-element_type=\"section\" data-e-type=\"section\">\n\t\t\t\t\t\t<div class=\"elementor-container elementor-column-gap-no\">\n\t\t\t\t\t<div class=\"elementor-column elementor-col-33 elementor-top-column elementor-element elementor-element-5c835e88\" data-id=\"5c835e88\" data-element_type=\"column\" data-e-type=\"column\">\n\t\t\t<div class=\"elementor-widget-wrap elementor-element-populated\">\n\t\t\t\t\t\t<div class=\"elementor-element elementor-element-186074d0 lte-heading-style-default elementor-widget elementor-widget-lte-header\" data-id=\"186074d0\" data-element_type=\"widget\" data-e-type=\"widget\" data-widget_type=\"lte-header.default\">\n\t\t\t\t<div class=\"elementor-widget-container\">\n\t\t\t\t\t<div class=\"lte-heading lte-style-default lte-subcolor-main heading-tag-h5 heading-subtag-h6\"><div class=\"lte-heading-content\"><h5 class=\"lte-header\">Menu<\/h5><\/div><\/div>\t\t\t\t<\/div>\n\t\t\t\t<\/div>\n\t\t\t\t<div class=\"elementor-element elementor-element-d9d4ba4 elementor-icon-list--layout-traditional elementor-list-item-link-full_width elementor-widget elementor-widget-icon-list\" data-id=\"d9d4ba4\" data-element_type=\"widget\" data-e-type=\"widget\" data-widget_type=\"icon-list.default\">\n\t\t\t\t<div class=\"elementor-widget-container\">\n\t\t\t\t\t\t\t<ul class=\"elementor-icon-list-items\">\n\t\t\t\t\t\t\t<li class=\"elementor-icon-list-item\">\n\t\t\t\t\t\t\t\t\t\t\t<a href=\"https:\/\/citello.com\/en\/hakkimizda\/\">\n\n\t\t\t\t\t\t\t\t\t\t\t<span class=\"elementor-icon-list-text\">Corporate<\/span>\n\t\t\t\t\t\t\t\t\t\t\t<\/a>\n\t\t\t\t\t\t\t\t\t<\/li>\n\t\t\t\t\t\t\t\t<li class=\"elementor-icon-list-item\">\n\t\t\t\t\t\t\t\t\t\t\t<a href=\"https:\/\/citello.com\/en\/kalite-politikasi\/\">\n\n\t\t\t\t\t\t\t\t\t\t\t<span class=\"elementor-icon-list-text\">Quality Policy<\/span>\n\t\t\t\t\t\t\t\t\t\t\t<\/a>\n\t\t\t\t\t\t\t\t\t<\/li>\n\t\t\t\t\t\t\t\t<li class=\"elementor-icon-list-item\">\n\t\t\t\t\t\t\t\t\t\t\t<a href=\"https:\/\/citello.com\/en\/sertifikalarimiz\/\">\n\n\t\t\t\t\t\t\t\t\t\t\t<span class=\"elementor-icon-list-text\">Our Certificates<\/span>\n\t\t\t\t\t\t\t\t\t\t\t<\/a>\n\t\t\t\t\t\t\t\t\t<\/li>\n\t\t\t\t\t\t\t\t<li class=\"elementor-icon-list-item\">\n\t\t\t\t\t\t\t\t\t\t\t<a href=\"https:\/\/citello.com\/en\/insan-kaynaklari\/\">\n\n\t\t\t\t\t\t\t\t\t\t\t<span class=\"elementor-icon-list-text\">Career<\/span>\n\t\t\t\t\t\t\t\t\t\t\t<\/a>\n\t\t\t\t\t\t\t\t\t<\/li>\n\t\t\t\t\t\t\t\t<li class=\"elementor-icon-list-item\">\n\t\t\t\t\t\t\t\t\t\t\t<a href=\"https:\/\/citello.com\/en\/gizlilik-politikasi\/\">\n\n\t\t\t\t\t\t\t\t\t\t\t<span class=\"elementor-icon-list-text\"><b>Privacy Policy<\/b><\/span>\n\t\t\t\t\t\t\t\t\t\t\t<\/a>\n\t\t\t\t\t\t\t\t\t<\/li>\n\t\t\t\t\t\t\t\t<li class=\"elementor-icon-list-item\">\n\t\t\t\t\t\t\t\t\t\t\t<a href=\"https:\/\/citello.com\/en\/kvkk\/\">\n\n\t\t\t\t\t\t\t\t\t\t\t<span class=\"elementor-icon-list-text\">KVKK<\/span>\n\t\t\t\t\t\t\t\t\t\t\t<\/a>\n\t\t\t\t\t\t\t\t\t<\/li>\n\t\t\t\t\t\t<\/ul>\n\t\t\t\t\t\t<\/div>\n\t\t\t\t<\/div>\n\t\t\t\t<div class=\"elementor-element elementor-element-294f04d1 elementor-widget elementor-widget-spacer\" data-id=\"294f04d1\" data-element_type=\"widget\" data-e-type=\"widget\" data-widget_type=\"spacer.default\">\n\t\t\t\t<div class=\"elementor-widget-container\">\n\t\t\t\t\t\t\t<div class=\"elementor-spacer\">\n\t\t\t<div class=\"elementor-spacer-inner\"><\/div>\n\t\t<\/div>\n\t\t\t\t\t\t<\/div>\n\t\t\t\t<\/div>\n\t\t\t\t<div class=\"elementor-element elementor-element-5d4d88b9 elementor-widget elementor-widget-spacer\" data-id=\"5d4d88b9\" data-element_type=\"widget\" data-e-type=\"widget\" data-widget_type=\"spacer.default\">\n\t\t\t\t<div class=\"elementor-widget-container\">\n\t\t\t\t\t\t\t<div class=\"elementor-spacer\">\n\t\t\t<div class=\"elementor-spacer-inner\"><\/div>\n\t\t<\/div>\n\t\t\t\t\t\t<\/div>\n\t\t\t\t<\/div>\n\t\t\t\t<div class=\"elementor-element elementor-element-154b92a2 elementor-widget elementor-widget-spacer\" data-id=\"154b92a2\" data-element_type=\"widget\" data-e-type=\"widget\" data-widget_type=\"spacer.default\">\n\t\t\t\t<div class=\"elementor-widget-container\">\n\t\t\t\t\t\t\t<div class=\"elementor-spacer\">\n\t\t\t<div class=\"elementor-spacer-inner\"><\/div>\n\t\t<\/div>\n\t\t\t\t\t\t<\/div>\n\t\t\t\t<\/div>\n\t\t\t\t\t<\/div>\n\t\t<\/div>\n\t\t\t\t<div class=\"elementor-column elementor-col-66 elementor-top-column elementor-element elementor-element-2f56b1f3\" data-id=\"2f56b1f3\" data-element_type=\"column\" data-e-type=\"column\">\n\t\t\t<div class=\"elementor-widget-wrap elementor-element-populated\">\n\t\t\t\t\t\t<div class=\"elementor-element elementor-element-29a9a4c1 elementor-widget elementor-widget-heading\" data-id=\"29a9a4c1\" data-element_type=\"widget\" data-e-type=\"widget\" data-widget_type=\"heading.default\">\n\t\t\t\t<div class=\"elementor-widget-container\">\n\t\t\t\t\t<h5 class=\"elementor-heading-title elementor-size-default\">KVKK<\/h5>\t\t\t\t<\/div>\n\t\t\t\t<\/div>\n\t\t\t\t<div class=\"elementor-element elementor-element-3570a3f2 elementor-widget elementor-widget-text-editor\" data-id=\"3570a3f2\" data-element_type=\"widget\" data-e-type=\"widget\" data-widget_type=\"text-editor.default\">\n\t\t\t\t<div class=\"elementor-widget-container\">\n\t\t\t\t\t\t\t\t\t<p class=\"p1\">Information Regarding the Protection of Personal Data<\/p><p class=\"p1\">As PRENSES GIDA SANAY\u0130 VE T\u0130CARET L\u0130M\u0130TED COMPANY, we place great importance on processing and storing your personal data in accordance with the Law No. 6698 on the Protection of Personal Data (\u201cLaw\u201d). We would like to inform our customers about our purposes and methods of collecting, processing, and transferring personal data, as well as your rights arising from the Law.<\/p><ol class=\"ol1\"><li class=\"li1\">1. Methods of Collecting Personal Data<\/li><\/ol><p class=\"p1\">As PRENSES GIDA SANAY\u0130 VE T\u0130CARET L\u0130M\u0130TED \u015e\u0130RKET\u0130, in our capacity as the data controller, we collect your personal data through verbal, written, or electronic methods via our website, social media platforms, mobile applications, and other similar channels. This is done in accordance with our legal obligations and for the purposes of enabling you to benefit from our services, informing you about our campaigns (with your consent), recording your suggestions and complaints, providing better service standards, and determining and implementing the commercial and business strategies of PRENSES GIDA SANAY\u0130 VE T\u0130CARET L\u0130M\u0130TED COMPANY<span class=\"s1\">.<\/span><\/p><ol class=\"ol1\"><li class=\"li1\">2. Processing of Personal Data and Purposes of Processing<\/li><\/ol><p class=\"p1\">In our capacity as the data controller, PRENSES GIDA SANAY\u0130 VE T\u0130CARET L\u0130M\u0130TED COMPANY may collect, record, store, change, update, periodically check, reorganize, classify, and retain your personal and\/or sensitive personal data, obtained with your consent, through various channels such as our call centers, written communication channels, social media pages, mobile communication channels, and in-store communication channels. This data may be stored for the duration necessary for the purposes for which it is processed, or as specified in the relevant law. Your data may also be shared or transferred to private or public institutions with which PRENSES GIDA SANAY\u0130 VE T\u0130CARET L\u0130M\u0130TED COMPANY collaborates, or to related third parties located in Turkey or abroad when legally or operationally necessary. We inform you that we can process your personal data for the purposes mentioned above and in accordance with Law No. 6698 and related regulations.<\/p><ol class=\"ol1\"><li class=\"li1\">3. Transfer of Personal Data<\/li><\/ol><p class=\"p1\">PRENSES GIDA SANAY\u0130 VE T\u0130CARET L\u0130M\u0130TED COMPANY will transfer your personal data only with your explicit consent or in accordance with the security and confidentiality principles specified in the Law, taking necessary precautions for both domestic and international transfers. This is done for the execution of company activities, maintaining the business relationship with data owners and our customers, and for providing services, opportunities, and improving service quality. Your data may be shared with our group companies, business partners, customers with whom we have agreements, suppliers, auditing companies, or public institutions authorized to request this data, among others.<\/p><ol class=\"ol1\"><li class=\"li1\">4. Rights of the Personal Data Owner Under Article 11 of the KVK Law<\/li><\/ol><p class=\"p1\">PRENSES GIDA SANAY\u0130 VE T\u0130CARET L\u0130M\u0130TED COMPANY<span class=\"Apple-converted-space\">\u00a0 <\/span>will respond to the following requests from relevant individuals: a) Learning whether PRENSES GIDA SANAY\u0130 VE T\u0130CARET L\u0130M\u0130TED COMPANY processes personal data concerning them and which personal data it processes, b) Obtaining information about the purposes of the data processing activities, c) Knowing the third parties to whom PRENSES GIDA SANAY\u0130 VE T\u0130CARET L\u0130M\u0130TED COMPANY<span class=\"Apple-converted-space\">\u00a0 <\/span>has transferred personal data, domestically or abroad, d) Requesting the correction of personal data if it is incomplete or incorrectly processed, e) Requesting the deletion or destruction of personal data in accordance with the Law, f) Requesting notification of the operations performed on their personal data to third parties to whom the data has been transferred, g) Objecting to the emergence of a result against them by exclusively analyzing the processed data through automated systems, h) Obtaining a copy of their personal data.<\/p><p class=\"p1\">Address : Organize Sanayi B\u00f6lgesi 1.K\u0131s\u0131m 6.Cadde No:9 D\u00f6\u015femealt\u0131\/Antalya<\/p><p class=\"p2\"><span class=\"s2\">E-mail : <a href=\"mailto:eneskaplan@secenlondon.com\"><span class=\"s3\">eneskaplan@secenlondon.com<\/span><\/a><span class=\"Apple-converted-space\">\u00a0 <\/span><a href=\"mailto:export1@secenlondon.com\"><span class=\"s3\">export1@secenlondon.com<\/span><\/a><\/span><\/p>\t\t\t\t\t\t\t\t<\/div>\n\t\t\t\t<\/div>\n\t\t\t\t<div class=\"elementor-element elementor-element-198c8dc2 elementor-widget elementor-widget-image\" data-id=\"198c8dc2\" data-element_type=\"widget\" data-e-type=\"widget\" data-widget_type=\"image.default\">\n\t\t\t\t<div class=\"elementor-widget-container\">\n\t\t\t\t\t\t\t\t\t\t\t\t\t\t\t<img fetchpriority=\"high\" decoding=\"async\" width=\"1024\" height=\"447\" src=\"https:\/\/citello.com\/wp-content\/uploads\/2023\/08\/fffff-1024x447.jpg\" class=\"attachment-large size-large wp-image-16239\" alt=\"\" srcset=\"https:\/\/citello.com\/wp-content\/uploads\/2023\/08\/fffff-1024x447.jpg 1024w, https:\/\/citello.com\/wp-content\/uploads\/2023\/08\/fffff-480x210.jpg 480w, https:\/\/citello.com\/wp-content\/uploads\/2023\/08\/fffff-600x262.jpg 600w, https:\/\/citello.com\/wp-content\/uploads\/2023\/08\/fffff-300x131.jpg 300w, https:\/\/citello.com\/wp-content\/uploads\/2023\/08\/fffff-768x336.jpg 768w, https:\/\/citello.com\/wp-content\/uploads\/2023\/08\/fffff-1536x671.jpg 1536w, https:\/\/citello.com\/wp-content\/uploads\/2023\/08\/fffff-790x345.jpg 790w, https:\/\/citello.com\/wp-content\/uploads\/2023\/08\/fffff-800x350.jpg 800w, https:\/\/citello.com\/wp-content\/uploads\/2023\/08\/fffff.jpg 1920w\" sizes=\"(max-width: 1024px) 100vw, 1024px\" \/>\t\t\t\t\t\t\t\t\t\t\t\t\t\t\t<\/div>\n\t\t\t\t<\/div>\n\t\t\t\t\t<\/div>\n\t\t<\/div>\n\t\t\t\t\t<\/div>\n\t\t<\/section>\n\t\t\t\t<\/div>\n\t\t","protected":false},"excerpt":{"rendered":"<p>Menu Corporate Quality Policy Our Certificates Career Privacy Policy KVKK KVKK Information Regarding the Protection of Personal Data As PRENSES GIDA SANAY\u0130 VE T\u0130CARET L\u0130M\u0130TED COMPANY, we place great importance on processing and storing your personal data in accordance with the Law No. 6698 on the Protection of Personal Data (\u201cLaw\u201d). We would like to [&hellip;]<\/p>\n","protected":false},"author":1,"featured_media":0,"parent":0,"menu_order":0,"comment_status":"closed","ping_status":"closed","template":"","meta":{"footnotes":""},"class_list":["post-16273","page","type-page","status-publish","hentry"],"_links":{"self":[{"href":"https:\/\/citello.com\/en\/wp-json\/wp\/v2\/pages\/16273","targetHints":{"allow":["GET"]}}],"collection":[{"href":"https:\/\/citello.com\/en\/wp-json\/wp\/v2\/pages"}],"about":[{"href":"https:\/\/citello.com\/en\/wp-json\/wp\/v2\/types\/page"}],"author":[{"embeddable":true,"href":"https:\/\/citello.com\/en\/wp-json\/wp\/v2\/users\/1"}],"replies":[{"embeddable":true,"href":"https:\/\/citello.com\/en\/wp-json\/wp\/v2\/comments?post=16273"}],"version-history":[{"count":0,"href":"https:\/\/citello.com\/en\/wp-json\/wp\/v2\/pages\/16273\/revisions"}],"wp:attachment":[{"href":"https:\/\/citello.com\/en\/wp-json\/wp\/v2\/media?parent=16273"}],"curies":[{"name":"wp","href":"https:\/\/api.w.org\/{rel}","templated":true}]}}